{"id":486,"date":"2023-10-10T19:29:16","date_gmt":"2023-10-10T22:29:16","guid":{"rendered":"https:\/\/imovelads.pro\/ebookdigital\/?page_id=486"},"modified":"2023-10-10T19:34:02","modified_gmt":"2023-10-10T22:34:02","slug":"termos-de-uso","status":"publish","type":"page","link":"https:\/\/imovelads.pro\/ebookdigital\/termos-de-uso\/","title":{"rendered":"Termos de uso"},"content":{"rendered":"\t\t<div data-elementor-type=\"wp-page\" data-elementor-id=\"486\" class=\"elementor elementor-486\">\n\t\t\t\t\t\t\t<div class=\"elementor-element elementor-element-2f3f489 e-flex e-con-boxed e-con e-parent\" data-id=\"2f3f489\" data-element_type=\"container\" data-settings=\"{&quot;content_width&quot;:&quot;boxed&quot;}\" data-core-v316-plus=\"true\">\n\t\t\t\t\t<div class=\"e-con-inner\">\n\t\t\t\t<div class=\"elementor-element elementor-element-b7aed65 elementor-widget elementor-widget-heading\" data-id=\"b7aed65\" data-element_type=\"widget\" data-widget_type=\"heading.default\">\n\t\t\t\t<div class=\"elementor-widget-container\">\n\t\t\t<style>\/*! elementor - v3.16.0 - 20-09-2023 *\/\n.elementor-heading-title{padding:0;margin:0;line-height:1}.elementor-widget-heading .elementor-heading-title[class*=elementor-size-]>a{color:inherit;font-size:inherit;line-height:inherit}.elementor-widget-heading .elementor-heading-title.elementor-size-small{font-size:15px}.elementor-widget-heading .elementor-heading-title.elementor-size-medium{font-size:19px}.elementor-widget-heading .elementor-heading-title.elementor-size-large{font-size:29px}.elementor-widget-heading .elementor-heading-title.elementor-size-xl{font-size:39px}.elementor-widget-heading .elementor-heading-title.elementor-size-xxl{font-size:59px}<\/style><h2 class=\"elementor-heading-title elementor-size-default\">Termos de uso<\/h2>\t\t<\/div>\n\t\t\t\t<\/div>\n\t\t\t\t<div class=\"elementor-element elementor-element-54df19f elementor-widget elementor-widget-text-editor\" data-id=\"54df19f\" data-element_type=\"widget\" data-widget_type=\"text-editor.default\">\n\t\t\t\t<div class=\"elementor-widget-container\">\n\t\t\t<style>\/*! elementor - v3.16.0 - 20-09-2023 *\/\n.elementor-widget-text-editor.elementor-drop-cap-view-stacked .elementor-drop-cap{background-color:#69727d;color:#fff}.elementor-widget-text-editor.elementor-drop-cap-view-framed .elementor-drop-cap{color:#69727d;border:3px solid;background-color:transparent}.elementor-widget-text-editor:not(.elementor-drop-cap-view-default) .elementor-drop-cap{margin-top:8px}.elementor-widget-text-editor:not(.elementor-drop-cap-view-default) .elementor-drop-cap-letter{width:1em;height:1em}.elementor-widget-text-editor .elementor-drop-cap{float:left;text-align:center;line-height:1;font-size:50px}.elementor-widget-text-editor .elementor-drop-cap-letter{display:inline-block}<\/style>\t\t\t\t<p><span style=\"color: #000000;\">\u00daltima atualiza\u00e7\u00e3o: 10\/10\/2023<\/span><\/p><p><span style=\"color: #000000;\">1. Introdu\u00e7\u00e3o<\/span><\/p><p><span style=\"color: #000000;\">Bem-vindo(a) ao website do ImovelAds (https:\/\/imovelads.pro\/ebookdigital) (&#8220;Site&#8221;). Ao utilizar ou acessar este Site, voc\u00ea concorda com estes Termos de Uso (&#8220;Termos&#8221;). Certifique-se de l\u00ea-los atentamente antes de usar o Site.<\/span><\/p><p><span style=\"color: #000000;\">2. Consentimento<\/span><\/p><p><span style=\"color: #000000;\">Ao acessar ou usar este Site, voc\u00ea declara ter pelo menos 18 anos de idade ou ser menor de idade com consentimento de seus pais ou respons\u00e1veis legais para utilizar o Site. Ao utilizar o Site, voc\u00ea concorda em cumprir estes Termos de Uso e todas as leis e regulamentos aplic\u00e1veis. Se voc\u00ea n\u00e3o concorda com estes Termos, por favor, n\u00e3o acesse ou utilize este Site.<\/span><\/p><p><span style=\"color: #000000;\">3. Coleta de dados<\/span><\/p><p><span style=\"color: #000000;\">Entendemos sua preocupa\u00e7\u00e3o com a privacidade de suas informa\u00e7\u00f5es pessoais e nos comprometemos a proteg\u00ea-las. A coleta e o uso de suas informa\u00e7\u00f5es pessoais est\u00e3o sujeitos \u00e0 nossa Pol\u00edtica de Privacidade, que voc\u00ea pode acessar (<span style=\"text-align: var(--text-align);\">https:\/\/imovelads.pro\/ebookdigital\/politica-de-privacidade\/).<\/span><\/span><\/p><p><span style=\"color: #000000;\">4. Propriedade Intelectual<\/span><\/p><p><span style=\"color: #000000;\">O conte\u00fado e os materiais dispon\u00edveis no Site, incluindo, mas n\u00e3o se limitando a textos, gr\u00e1ficos, logotipos, imagens, v\u00eddeos, \u00e1udios, \u00edcones e software, s\u00e3o propriedade exclusiva do ImovelAds ou de seus licenciadores e est\u00e3o protegidos pelas leis de direitos autorais, marcas comerciais e outras leis de propriedade intelectual. \u00c9 proibida qualquer reprodu\u00e7\u00e3o, modifica\u00e7\u00e3o, distribui\u00e7\u00e3o, exibi\u00e7\u00e3o ou uso do conte\u00fado e materiais do Site sem autoriza\u00e7\u00e3o pr\u00e9via por escrito do ImovelAds.<\/span><\/p><p><span style=\"color: #000000;\">5. Limita\u00e7\u00e3o de responsabilidade<\/span><\/p><p><span style=\"color: #000000;\">O ImovelAds n\u00e3o se responsabiliza por quaisquer danos diretos, indiretos, incidentais, consequenciais, especiais, punitivos ou exemplares decorrentes do uso ou incapacidade de uso do Site, mesmo que tenham sido avisados sobre a possibilidade de tais danos. O Site \u00e9 fornecido &#8220;como est\u00e1&#8221;, sem garantias de qualquer tipo, expressas ou impl\u00edcitas.<\/span><\/p><p><span style=\"color: #000000;\">6. Links para sites de terceiros<\/span><\/p><p><span style=\"color: #000000;\">O Site pode conter links para sites de terceiros que n\u00e3o s\u00e3o controlados ou operados pelo ImovelAds. Esses links s\u00e3o fornecidos apenas para sua conveni\u00eancia e n\u00e3o implicam em qualquer endosso ou responsabilidade do ImovelAds em rela\u00e7\u00e3o ao conte\u00fado desses sites. Recomendamos que voc\u00ea analise os termos de uso e pol\u00edticas de privacidade de qualquer site de terceiros que voc\u00ea acessar atrav\u00e9s dos links dispon\u00edveis neste Site.<\/span><\/p><p><span style=\"color: #000000;\">7. Uso do Site<\/span><\/p><p><span style=\"color: #000000;\">Voc\u00ea concorda em usar este Site apenas para fins legais e de acordo com estes Termos de Uso. Voc\u00ea concorda em n\u00e3o usar o Site de maneira que possa danificar, desabilitar, sobrecarregar ou prejudicar o funcionamento do Site ou interferir no uso e aproveitamento do Site por terceiros.<\/span><\/p><p><span style=\"color: #000000;\">8. Modifica\u00e7\u00f5es dos Termos de Uso<\/span><\/p><p><span style=\"color: #000000;\">O ImovelAds se reserva o direito de modificar estes Termos de Uso a qualquer momento, a seu exclusivo crit\u00e9rio. As modifica\u00e7\u00f5es ser\u00e3o efetivas imediatamente ap\u00f3s a publica\u00e7\u00e3o dos <\/span><span style=\"color: #000000;\">Termos de Uso revisados neste Site. \u00c9 responsabilidade sua verificar periodicamente este Site para ficar ciente de quaisquer altera\u00e7\u00f5es. O uso continuado do Site ap\u00f3s a publica\u00e7\u00e3o de quaisquer altera\u00e7\u00f5es constitui sua aceita\u00e7\u00e3o dessas altera\u00e7\u00f5es.<\/span><\/p><p><span style=\"color: #000000;\">9. Lei aplic\u00e1vel e jurisdi\u00e7\u00e3o<\/span><\/p><p><span style=\"color: #000000;\">Estes Termos de Uso s\u00e3o regidos e interpretados de acordo com as leis do Brasil. Voc\u00ea consente com a jurisdi\u00e7\u00e3o exclusiva dos tribunais do Brasil em rela\u00e7\u00e3o a qualquer disputa relacionada a estes Termos de Uso ou ao uso deste Site.<\/span><\/p><p><span style=\"color: #000000;\">10. Contato<\/span><\/p><p><span style=\"color: #000000;\">Se voc\u00ea tiver alguma d\u00favida ou preocupa\u00e7\u00e3o sobre estes Termos de Uso, por favor, entre em contato conosco atrav\u00e9s do imovelads2023@gmail.com.<\/span><\/p><p><span style=\"color: #000000;\">Ao acessar e utilizar o Site, voc\u00ea concorda em cumprir integralmente estes Termos de Uso.<\/span><\/p><p><span style=\"text-align: var(--text-align); color: #000000;\">\u00a0<\/span><\/p>\t\t\t\t\t\t<\/div>\n\t\t\t\t<\/div>\n\t\t\t\t\t<\/div>\n\t\t\t\t<\/div>\n\t\t\t\t\t\t\t<\/div>\n\t\t","protected":false},"excerpt":{"rendered":"<p>Termos de uso \u00daltima atualiza\u00e7\u00e3o: 10\/10\/2023 1. Introdu\u00e7\u00e3o Bem-vindo(a) ao website do ImovelAds (https:\/\/imovelads.pro\/ebookdigital) (&#8220;Site&#8221;). Ao utilizar ou acessar este Site, voc\u00ea concorda com estes Termos de Uso (&#8220;Termos&#8221;). Certifique-se de l\u00ea-los atentamente antes de usar o Site. 2. Consentimento Ao acessar ou usar este Site, voc\u00ea declara ter pelo menos 18 anos de idade [&hellip;]<\/p>\n","protected":false},"author":1,"featured_media":0,"parent":0,"menu_order":0,"comment_status":"closed","ping_status":"closed","template":"elementor_canvas","meta":{"footnotes":""},"_links":{"self":[{"href":"https:\/\/imovelads.pro\/ebookdigital\/wp-json\/wp\/v2\/pages\/486"}],"collection":[{"href":"https:\/\/imovelads.pro\/ebookdigital\/wp-json\/wp\/v2\/pages"}],"about":[{"href":"https:\/\/imovelads.pro\/ebookdigital\/wp-json\/wp\/v2\/types\/page"}],"author":[{"embeddable":true,"href":"https:\/\/imovelads.pro\/ebookdigital\/wp-json\/wp\/v2\/users\/1"}],"replies":[{"embeddable":true,"href":"https:\/\/imovelads.pro\/ebookdigital\/wp-json\/wp\/v2\/comments?post=486"}],"version-history":[{"count":13,"href":"https:\/\/imovelads.pro\/ebookdigital\/wp-json\/wp\/v2\/pages\/486\/revisions"}],"predecessor-version":[{"id":500,"href":"https:\/\/imovelads.pro\/ebookdigital\/wp-json\/wp\/v2\/pages\/486\/revisions\/500"}],"wp:attachment":[{"href":"https:\/\/imovelads.pro\/ebookdigital\/wp-json\/wp\/v2\/media?parent=486"}],"curies":[{"name":"wp","href":"https:\/\/api.w.org\/{rel}","templated":true}]}}